{"id":8835,"date":"2022-11-17T15:29:59","date_gmt":"2022-11-17T13:29:59","guid":{"rendered":"https:\/\/new.hita-ev.org\/institutionen\/"},"modified":"2022-11-17T22:37:42","modified_gmt":"2022-11-17T20:37:42","slug":"institutions","status":"publish","type":"page","link":"https:\/\/hita-ev.org\/en\/institutions\/","title":{"rendered":"Institutions"},"content":{"rendered":"<p>[et_pb_section fb_built=&#8221;1&#8243; _builder_version=&#8221;4.18.0&#8243; _module_preset=&#8221;default&#8221; global_colors_info=&#8221;{}&#8221;][et_pb_row _builder_version=&#8221;4.18.0&#8243; _module_preset=&#8221;default&#8221; global_colors_info=&#8221;{}&#8221;][et_pb_column type=&#8221;4_4&#8243; _builder_version=&#8221;4.18.0&#8243; _module_preset=&#8221;default&#8221; global_colors_info=&#8221;{}&#8221;][et_pb_text _builder_version=&#8221;4.18.0&#8243; _module_preset=&#8221;default&#8221; header_font=&#8221;|700|||||||&#8221; header_text_color=&#8221;#E2263D&#8221; global_colors_info=&#8221;{}&#8221;]<\/p>\n<h1 style=\"text-align: center;\"><b>Healthcare Information Technologies for Africa e.V. (HITA e.V.)<\/b><\/h1>\n<p>[\/et_pb_text][\/et_pb_column][\/et_pb_row][et_pb_row _builder_version=&#8221;4.18.0&#8243; _module_preset=&#8221;default&#8221; global_colors_info=&#8221;{}&#8221;][et_pb_column type=&#8221;4_4&#8243; _builder_version=&#8221;4.18.0&#8243; _module_preset=&#8221;default&#8221; global_colors_info=&#8221;{}&#8221;][et_pb_text module_id=&#8221;highlights&#8221; _builder_version=&#8221;4.18.0&#8243; _module_preset=&#8221;default&#8221; background_color=&#8221;#ffffff&#8221; custom_margin=&#8221;-24px||-29px||false|true&#8221; custom_padding=&#8221;22px|22px|22px|22px|true|true&#8221; border_radii=&#8221;on|20px|20px|20px|20px&#8221; border_width_all=&#8221;1px&#8221; locked=&#8221;off&#8221; global_colors_info=&#8221;{}&#8221;]<\/p>\n<p><span style=\"font-weight: 400;\">Healthcare Information Technologies for Africa e.V. ist ein Zusammenschluss von Experten und Expertinnen aus den Bereichen Bildung, Entwicklungszusammenarbeit, Gesundheitswesen, Betriebs- wirtschaften, Management und Informationstechnologien, die sich alle ehrenamtlich engagieren.<\/span><\/p>\n<p><span style=\"font-weight: 400;\">HITA e.V. realisiert seit 2009 Bildungsprojekte f\u00fcr Berufsschulen, sowie Telemedizin- und Infrastrukturprojekte f\u00fcr den Gesundheitsbereich. Der Fokus liegt aktuell auf den l\u00e4ndlichen Gebieten Ghanas.<\/span><\/p>\n<p><span style=\"font-weight: 400;\">Als gemeinn\u00fctzig t\u00e4tige Nichtregierungsorganisation ist es die Vision von HITA e.V., mithilfe von eHealth- und mHealth-Technologien, zur Optimierung der beruflichen Bildung des nicht\u00e4rztlichen Personals beizutragen. Das Ziel von HITA e.V. ist die nachhaltige Verbesserung der Gesundheitsversorgung in l\u00e4ndlichen Gebieten Afrikas.<\/span><\/p>\n<p><span style=\"font-weight: 400;\">Bei allen Projekten von HITA e.V. stehen die Partner vor Ort im Mittelpunkt! F\u00fcr den nachhaltigen Erfolg wird HITA e.V. von Experten in Ghana und Deutschland unterst\u00fctzt und kooperiert mit lokalen Partnern.<\/span><\/p>\n<p><span style=\"font-weight: 400;\">HITA e.V. hat Computer-Labs in weit \u00fcber 20 Schulen f\u00fcr Krankenschwestern und Hebammen in Ghana eingerichtet. Lehrer und Studenten wurden bef\u00e4higt, diese selbstst\u00e4ndig zu nutzen, zu warten und auszubauen. Ein besonderer Erfolg ist die Aufnahme dieser Aktivit\u00e4ten in die Ausbildungs-Curricula mehrerer Schulen. Moderne eLearning-Elemente stellen somit heute selbstverst\u00e4ndliche Bestandteile in diesen Ausbildungseinrichtungen f\u00fcr Krankenschwestern und Hebammen dar. Dies ist insbesondere wichtig, da ein Mangel an gedruckten Lehr- und Unterrichtsmaterialien, sowohl im schulischen als vor allem auch im privaten Umfeld der Auszubildenden, herrscht.<\/span><\/p>\n<p><span style=\"font-weight: 400;\">Der gemeinn\u00fctzige Verein ist stolz, dass aufgrund und auf Basis unserer Trainingsma\u00dfnahmen im IT-Bereiche kleine und mittlere Unternehmen (SMEs) gegr\u00fcndet wurden. Diese sind mittlerweile selbstst\u00e4ndig in der Lage, die IT-Infrastruktur der bisher von HITA betreuten Schulen gegen Entgelt zu warten und auszubauen. HITA e.V. unterst\u00fctzt in Ghana die Ausbildung des nicht-\u00e4rztlichen Personals.<\/span><\/p>\n<p><span style=\"font-weight: 400;\">Ziel ist die Verbesserung der Gesundheitsversorgung vor allem dort, wo nur wenig \u00c4rzte sind. Alle Aktivit\u00e4ten des Vereins dienen dem \u201eEnabling\u201c und dem \u201eEmpowerment\u201c. HITA e.V. ist \u00fcberzeugt, dass hierdurch Erfolg nachhaltig erreicht und gesichert werden kann.<\/span><\/p>\n<p>[\/et_pb_text][\/et_pb_column][\/et_pb_row][\/et_pb_section]<\/p>\n","protected":false},"excerpt":{"rendered":"<p>Healthcare Information Technologies for Africa e.V. (HITA e.V.)Healthcare Information Technologies for Africa e.V. ist ein Zusammenschluss von Experten und Expertinnen aus den Bereichen Bildung, Entwicklungszusammenarbeit, Gesundheitswesen, Betriebs- wirtschaften, Management und Informationstechnologien, die sich alle ehrenamtlich engagieren. HITA e.V. realisiert seit 2009 Bildungsprojekte f\u00fcr Berufsschulen, sowie Telemedizin- und Infrastrukturprojekte f\u00fcr den Gesundheitsbereich. Der Fokus liegt aktuell [&hellip;]<\/p>\n","protected":false},"author":8,"featured_media":0,"parent":0,"menu_order":0,"comment_status":"closed","ping_status":"closed","template":"","meta":{"_acf_changed":false,"give_campaign_id":0,"_et_pb_use_builder":"on","_et_pb_old_content":"","_et_gb_content_width":"","footnotes":""},"class_list":["post-8835","page","type-page","status-publish","hentry"],"acf":[],"campaignId":"","_links":{"self":[{"href":"https:\/\/hita-ev.org\/en\/wp-json\/wp\/v2\/pages\/8835","targetHints":{"allow":["GET"]}}],"collection":[{"href":"https:\/\/hita-ev.org\/en\/wp-json\/wp\/v2\/pages"}],"about":[{"href":"https:\/\/hita-ev.org\/en\/wp-json\/wp\/v2\/types\/page"}],"author":[{"embeddable":true,"href":"https:\/\/hita-ev.org\/en\/wp-json\/wp\/v2\/users\/8"}],"replies":[{"embeddable":true,"href":"https:\/\/hita-ev.org\/en\/wp-json\/wp\/v2\/comments?post=8835"}],"version-history":[{"count":2,"href":"https:\/\/hita-ev.org\/en\/wp-json\/wp\/v2\/pages\/8835\/revisions"}],"predecessor-version":[{"id":8838,"href":"https:\/\/hita-ev.org\/en\/wp-json\/wp\/v2\/pages\/8835\/revisions\/8838"}],"wp:attachment":[{"href":"https:\/\/hita-ev.org\/en\/wp-json\/wp\/v2\/media?parent=8835"}],"curies":[{"name":"wp","href":"https:\/\/api.w.org\/{rel}","templated":true}]}}