{"id":8881,"date":"2022-11-17T15:31:22","date_gmt":"2022-11-17T13:31:22","guid":{"rendered":"https:\/\/new.hita-ev.org\/krankenhaeuser\/"},"modified":"2022-11-17T22:56:43","modified_gmt":"2022-11-17T20:56:43","slug":"hospitals","status":"publish","type":"page","link":"https:\/\/hita-ev.org\/en\/hospitals\/","title":{"rendered":"Hospitals"},"content":{"rendered":"<p>[et_pb_section fb_built=&#8221;1&#8243; _builder_version=&#8221;4.18.0&#8243; _module_preset=&#8221;default&#8221; global_colors_info=&#8221;{}&#8221;][et_pb_row _builder_version=&#8221;4.18.0&#8243; _module_preset=&#8221;default&#8221; global_colors_info=&#8221;{}&#8221;][et_pb_column type=&#8221;4_4&#8243; _builder_version=&#8221;4.18.0&#8243; _module_preset=&#8221;default&#8221; global_colors_info=&#8221;{}&#8221;][et_pb_post_title meta=&#8221;off&#8221; featured_image=&#8221;off&#8221; _builder_version=&#8221;4.18.1&#8243; _module_preset=&#8221;default&#8221; title_font=&#8221;|700|||||||&#8221; title_text_align=&#8221;center&#8221; title_text_color=&#8221;#E2263D&#8221; title_font_size=&#8221;30px&#8221; global_colors_info=&#8221;{}&#8221;][\/et_pb_post_title][\/et_pb_column][\/et_pb_row][et_pb_row _builder_version=&#8221;4.18.0&#8243; _module_preset=&#8221;default&#8221; global_colors_info=&#8221;{}&#8221;][et_pb_column type=&#8221;4_4&#8243; _builder_version=&#8221;4.18.0&#8243; _module_preset=&#8221;default&#8221; global_colors_info=&#8221;{}&#8221;][et_pb_text module_id=&#8221;highlights&#8221; _builder_version=&#8221;4.18.1&#8243; _module_preset=&#8221;default&#8221; background_color=&#8221;#ffffff&#8221; custom_margin=&#8221;-24px||-29px||false|true&#8221; custom_padding=&#8221;22px|22px|22px|22px|true|true&#8221; border_radii=&#8221;on|20px|20px|20px|20px&#8221; border_width_all=&#8221;1px&#8221; locked=&#8221;off&#8221; global_colors_info=&#8221;{}&#8221;]<\/p>\n<p><span>Im Folgenden finden Sie die Profile von unseren Partnerinstitutionen, Schulen und Experten in Ghana. Die meisten besitzen keine eigene Webseite \u2013 das ist schlichtweg nicht finanzierbar \u2013 und HITA bietet hier die kostenlose M\u00f6glichkeit, sich auf diesen Profilseiten der \u00d6ffentlichkeit zu pr\u00e4sentieren. HITA stellt die eigene Domain zur Verf\u00fcgung und verfasst die Profile f\u00fcr diese Organisationen, dies soll zu einer Erweiterung des Bekanntheitsgrades und zur Selbstdarstellung dienen. S\u00e4mtliche bestehende Kontaktinformationen sind auf diesen Seiten enthalten, um eine direkte Kontaktaufnahme so einfach wie m\u00f6glich zu gestalten.<\/span><\/p>\n<p>[\/et_pb_text][\/et_pb_column][\/et_pb_row][\/et_pb_section]<\/p>\n","protected":false},"excerpt":{"rendered":"<p>Im Folgenden finden Sie die Profile von unseren Partnerinstitutionen, Schulen und Experten in Ghana. Die meisten besitzen keine eigene Webseite \u2013 das ist schlichtweg nicht finanzierbar \u2013 und HITA bietet hier die kostenlose M\u00f6glichkeit, sich auf diesen Profilseiten der \u00d6ffentlichkeit zu pr\u00e4sentieren. HITA stellt die eigene Domain zur Verf\u00fcgung und verfasst die Profile f\u00fcr diese [&hellip;]<\/p>\n","protected":false},"author":8,"featured_media":0,"parent":0,"menu_order":0,"comment_status":"closed","ping_status":"closed","template":"","meta":{"_acf_changed":false,"give_campaign_id":0,"_et_pb_use_builder":"on","_et_pb_old_content":"","_et_gb_content_width":"","footnotes":""},"class_list":["post-8881","page","type-page","status-publish","hentry"],"acf":[],"campaignId":"","_links":{"self":[{"href":"https:\/\/hita-ev.org\/en\/wp-json\/wp\/v2\/pages\/8881","targetHints":{"allow":["GET"]}}],"collection":[{"href":"https:\/\/hita-ev.org\/en\/wp-json\/wp\/v2\/pages"}],"about":[{"href":"https:\/\/hita-ev.org\/en\/wp-json\/wp\/v2\/types\/page"}],"author":[{"embeddable":true,"href":"https:\/\/hita-ev.org\/en\/wp-json\/wp\/v2\/users\/8"}],"replies":[{"embeddable":true,"href":"https:\/\/hita-ev.org\/en\/wp-json\/wp\/v2\/comments?post=8881"}],"version-history":[{"count":2,"href":"https:\/\/hita-ev.org\/en\/wp-json\/wp\/v2\/pages\/8881\/revisions"}],"predecessor-version":[{"id":8884,"href":"https:\/\/hita-ev.org\/en\/wp-json\/wp\/v2\/pages\/8881\/revisions\/8884"}],"wp:attachment":[{"href":"https:\/\/hita-ev.org\/en\/wp-json\/wp\/v2\/media?parent=8881"}],"curies":[{"name":"wp","href":"https:\/\/api.w.org\/{rel}","templated":true}]}}